{"id":312,"date":"2010-01-18T19:34:15","date_gmt":"2010-01-19T00:34:15","guid":{"rendered":"http:\/\/www.gstrategy-ec.com\/?page_id=312"},"modified":"2014-11-28T17:23:40","modified_gmt":"2014-11-28T22:23:40","slug":"productos","status":"publish","type":"page","link":"https:\/\/www.gstrategy-ec.com\/?page_id=312","title":{"rendered":"Productos"},"content":{"rendered":"<p>Great Strategy, cuenta con productos que ayudar\u00e1n a su empresa ya sea en la toma de desiciones sino tambi\u00e9n en la promoci\u00f3n de su Negocio.<\/p>\n<p>Los productos que ofrecemos son:<\/p>\n<ol>\n<li><a href=\"https:\/\/www.gstrategy-ec.com\/?page_id=271\">Productos Audioviuales Institucionales<\/a><\/li>\n<li><a href=\"https:\/\/www.gstrategy-ec.com\/?page_id=103\">Productos de Gesti\u00f3n<\/a><\/li>\n<\/ol>\n","protected":false},"excerpt":{"rendered":"<p>Great Strategy, cuenta con productos que ayudar\u00e1n a su empresa ya sea en la toma de desiciones sino tambi\u00e9n en la promoci\u00f3n de su Negocio. Los productos que ofrecemos son: Productos Audioviuales Institucionales Productos de Gesti\u00f3n<\/p>\n","protected":false},"author":381,"featured_media":0,"parent":0,"menu_order":3,"comment_status":"closed","ping_status":"closed","template":"","meta":{"footnotes":""},"class_list":["post-312","page","type-page","status-publish","hentry"],"_links":{"self":[{"href":"https:\/\/www.gstrategy-ec.com\/index.php?rest_route=\/wp\/v2\/pages\/312","targetHints":{"allow":["GET"]}}],"collection":[{"href":"https:\/\/www.gstrategy-ec.com\/index.php?rest_route=\/wp\/v2\/pages"}],"about":[{"href":"https:\/\/www.gstrategy-ec.com\/index.php?rest_route=\/wp\/v2\/types\/page"}],"author":[{"embeddable":true,"href":"https:\/\/www.gstrategy-ec.com\/index.php?rest_route=\/wp\/v2\/users\/381"}],"replies":[{"embeddable":true,"href":"https:\/\/www.gstrategy-ec.com\/index.php?rest_route=%2Fwp%2Fv2%2Fcomments&post=312"}],"version-history":[{"count":4,"href":"https:\/\/www.gstrategy-ec.com\/index.php?rest_route=\/wp\/v2\/pages\/312\/revisions"}],"predecessor-version":[{"id":516,"href":"https:\/\/www.gstrategy-ec.com\/index.php?rest_route=\/wp\/v2\/pages\/312\/revisions\/516"}],"wp:attachment":[{"href":"https:\/\/www.gstrategy-ec.com\/index.php?rest_route=%2Fwp%2Fv2%2Fmedia&parent=312"}],"curies":[{"name":"wp","href":"https:\/\/api.w.org\/{rel}","templated":true}]}}