{"id":271,"date":"2010-01-18T19:25:38","date_gmt":"2010-01-19T00:25:38","guid":{"rendered":"http:\/\/www.gstrategy-ec.com\/?page_id=271"},"modified":"2019-12-03T18:18:44","modified_gmt":"2019-12-03T23:18:44","slug":"productos-audiovisuales-empresariales","status":"publish","type":"page","link":"https:\/\/www.gstrategy-ec.com\/?page_id=271","title":{"rendered":"Productos Audiovisuales Institucionales"},"content":{"rendered":"\n<p>Los Empresarios hoy en d\u00eda buscan mecanismos para dar a conocer sus productos o empresas a potenciales clientes y resaltando sus caracter\u00edsticas. Nuestro prop\u00f3sito es brindar esa posibilidad a trav\u00e9s de la realizaci\u00f3n de videos promocionales, Institucionales con altos niveles de calidad.<\/p>\n\n\n\n<p>Nuestro servicio contempla diferentes \u00e1reas de negocios tales como:<\/p>\n\n\n\n<ul class=\"wp-block-list\"><li>&#8211; Videos de Inducci\u00f3n<\/li><li>&#8211; Videos promocionales corporativos<\/li><li>&#8211; Videos para capacitaci\u00f3n de personal<\/li><li>&#8211; Informes de Gesti\u00f3n<\/li><li>&#8211; Lanzamiento de productos o servicios<\/li><li>&#8211; Comerciales para televisi\u00f3n<\/li><\/ul>\n\n\n\n<p>Contamos con profesionales en la creaci\u00f3n, producci\u00f3n y postproducci\u00f3n de videos y trabajos de animaci\u00f3n en 2D y 3D.<\/p>\n\n\n\n<p>A continuaci\u00f3n presentamos una muestra de nuestro trabajo.<\/p>\n\n\n\n<figure class=\"wp-block-embed-youtube wp-block-embed is-type-video is-provider-youtube wp-embed-aspect-16-9 wp-has-aspect-ratio\"><div class=\"wp-block-embed__wrapper\">\n<iframe loading=\"lazy\" title=\"G&#039;Strategy\" width=\"640\" height=\"360\" src=\"https:\/\/www.youtube.com\/embed\/videoseries?list=PL62DFBFD36D8DA939\" frameborder=\"0\" allow=\"accelerometer; autoplay; clipboard-write; encrypted-media; gyroscope; picture-in-picture; web-share\" referrerpolicy=\"strict-origin-when-cross-origin\" allowfullscreen><\/iframe>\n<\/div><\/figure>\n\n\n\n<p><a href=\"https:\/\/www.gstrategy-ec.com\/?page_id=312\">Regresar<\/a><\/p>\n\n\n\n<figure class=\"wp-block-image\"><a href=\"http:\/\/www.addthis.com\/bookmark.php?&amp;url=https%3A%2F%2Fwww.gstrategy-ec.com%2F%3Fpage_id%3D271&amp;title=Productos%20Audiovisuales%20Institucionales\" target=\"_blank\" rel=\"nofollow noopener noreferrer\"><img decoding=\"async\" src=\"http:\/\/getsocialserver.files.wordpress.com\/2009\/02\/gsr51.png\" alt=\"Bookmark Productos Audiovisuales Institucionales\"\/><\/a><\/figure>\n","protected":false},"excerpt":{"rendered":"<p>Los Empresarios hoy en d\u00eda buscan mecanismos para dar a conocer sus productos o empresas a potenciales clientes y resaltando sus caracter\u00edsticas. Nuestro prop\u00f3sito es brindar esa posibilidad a trav\u00e9s de la realizaci\u00f3n de videos promocionales, Institucionales con altos niveles de calidad. Nuestro servicio contempla diferentes \u00e1reas de negocios tales como: &#8211; Videos de Inducci\u00f3n [&hellip;]<\/p>\n","protected":false},"author":381,"featured_media":0,"parent":312,"menu_order":1,"comment_status":"open","ping_status":"closed","template":"","meta":{"footnotes":""},"class_list":["post-271","page","type-page","status-publish","hentry"],"_links":{"self":[{"href":"https:\/\/www.gstrategy-ec.com\/index.php?rest_route=\/wp\/v2\/pages\/271","targetHints":{"allow":["GET"]}}],"collection":[{"href":"https:\/\/www.gstrategy-ec.com\/index.php?rest_route=\/wp\/v2\/pages"}],"about":[{"href":"https:\/\/www.gstrategy-ec.com\/index.php?rest_route=\/wp\/v2\/types\/page"}],"author":[{"embeddable":true,"href":"https:\/\/www.gstrategy-ec.com\/index.php?rest_route=\/wp\/v2\/users\/381"}],"replies":[{"embeddable":true,"href":"https:\/\/www.gstrategy-ec.com\/index.php?rest_route=%2Fwp%2Fv2%2Fcomments&post=271"}],"version-history":[{"count":43,"href":"https:\/\/www.gstrategy-ec.com\/index.php?rest_route=\/wp\/v2\/pages\/271\/revisions"}],"predecessor-version":[{"id":749,"href":"https:\/\/www.gstrategy-ec.com\/index.php?rest_route=\/wp\/v2\/pages\/271\/revisions\/749"}],"up":[{"embeddable":true,"href":"https:\/\/www.gstrategy-ec.com\/index.php?rest_route=\/wp\/v2\/pages\/312"}],"wp:attachment":[{"href":"https:\/\/www.gstrategy-ec.com\/index.php?rest_route=%2Fwp%2Fv2%2Fmedia&parent=271"}],"curies":[{"name":"wp","href":"https:\/\/api.w.org\/{rel}","templated":true}]}}