{"id":24,"date":"2009-09-29T07:59:09","date_gmt":"2009-09-29T07:59:09","guid":{"rendered":"http:\/\/gstrategy.wordpress.com\/?page_id=24"},"modified":"2019-05-08T16:15:28","modified_gmt":"2019-05-08T21:15:28","slug":"asesoria-y-consultoria","status":"publish","type":"page","link":"https:\/\/www.gstrategy-ec.com\/?page_id=24","title":{"rendered":"Asesor\u00eda y consultor\u00eda"},"content":{"rendered":"<p style=\"text-align:justify;\"><img loading=\"lazy\" decoding=\"async\" class=\"alignright size-full wp-image-56\" title=\"Consultoria\" src=\"http:\/\/gstrategy.files.wordpress.com\/2009\/09\/consultoria.jpg\" alt=\"Consultoria\" width=\"152\" height=\"226\"\/>Asistimos a la Gerencia para la toma de decisiones mediante la evaluaci\u00f3n y revisi\u00f3n de los Estados Financieros, tomando como base la aplicaci\u00f3n de procedimientos acordados. Nuestro servicio en el \u00e1rea principalmente incluye lo siguiente:<\/p>\n<ul>\n<li>Dise\u00f1o y desarrollo de reportes de control gerencial<\/li>\n<li>Dise\u00f1o y desarrollo de manuales de funciones<\/li>\n<li>Dise\u00f1o y desarrollo de manuales de procedimientos<\/li>\n<li>Diagn\u00f3stico, evaluaci\u00f3n y valoraci\u00f3n de negocios<\/li>\n<li>Auditor\u00eda interna: outsourcing parcial o total<\/li>\n<li>Implementaci\u00f3n Sistema SAP, Pir\u00e1mide, Lisa&nbsp; (Aplicabilidad con leyes Ecuatorianas)<\/li>\n<\/ul>\n<p><a href=\"https:\/\/www.gstrategy-ec.com\/?page_id=12\">Regresar<\/a><\/p>\n","protected":false},"excerpt":{"rendered":"<p>Asistimos a la Gerencia para la toma de decisiones mediante la evaluaci\u00f3n y revisi\u00f3n de los Estados Financieros, tomando como base la aplicaci\u00f3n de procedimientos acordados. Nuestro servicio en el \u00e1rea principalmente incluye lo siguiente: Dise\u00f1o y desarrollo de reportes de control gerencial Dise\u00f1o y desarrollo de manuales de funciones Dise\u00f1o y desarrollo de manuales [&hellip;]<\/p>\n","protected":false},"author":381,"featured_media":0,"parent":12,"menu_order":0,"comment_status":"closed","ping_status":"closed","template":"","meta":{"footnotes":""},"class_list":["post-24","page","type-page","status-publish","hentry"],"_links":{"self":[{"href":"https:\/\/www.gstrategy-ec.com\/index.php?rest_route=\/wp\/v2\/pages\/24","targetHints":{"allow":["GET"]}}],"collection":[{"href":"https:\/\/www.gstrategy-ec.com\/index.php?rest_route=\/wp\/v2\/pages"}],"about":[{"href":"https:\/\/www.gstrategy-ec.com\/index.php?rest_route=\/wp\/v2\/types\/page"}],"author":[{"embeddable":true,"href":"https:\/\/www.gstrategy-ec.com\/index.php?rest_route=\/wp\/v2\/users\/381"}],"replies":[{"embeddable":true,"href":"https:\/\/www.gstrategy-ec.com\/index.php?rest_route=%2Fwp%2Fv2%2Fcomments&post=24"}],"version-history":[{"count":2,"href":"https:\/\/www.gstrategy-ec.com\/index.php?rest_route=\/wp\/v2\/pages\/24\/revisions"}],"predecessor-version":[{"id":606,"href":"https:\/\/www.gstrategy-ec.com\/index.php?rest_route=\/wp\/v2\/pages\/24\/revisions\/606"}],"up":[{"embeddable":true,"href":"https:\/\/www.gstrategy-ec.com\/index.php?rest_route=\/wp\/v2\/pages\/12"}],"wp:attachment":[{"href":"https:\/\/www.gstrategy-ec.com\/index.php?rest_route=%2Fwp%2Fv2%2Fmedia&parent=24"}],"curies":[{"name":"wp","href":"https:\/\/api.w.org\/{rel}","templated":true}]}}