{"id":21,"date":"2009-09-29T07:46:09","date_gmt":"2009-09-29T07:46:09","guid":{"rendered":"http:\/\/gstrategy.wordpress.com\/?page_id=21"},"modified":"2021-06-10T00:58:24","modified_gmt":"2021-06-10T05:58:24","slug":"outsourcing-contable-y-nomina","status":"publish","type":"page","link":"https:\/\/www.gstrategy-ec.com\/?page_id=21","title":{"rendered":"Outsourcing contable y n\u00f3mina"},"content":{"rendered":"<p><img loading=\"lazy\" decoding=\"async\" class=\"alignleft size-full wp-image-50\" title=\"Outsourcing\" src=\"http:\/\/gstrategy.files.wordpress.com\/2009\/09\/outsourcing.jpg\" alt=\"Outsourcing\" width=\"195\" height=\"130\"\/><\/p>\n<p>Las empresas hoy en d\u00eda deben dedicarse a innovar y concentrar sus recursos en su negocio principal, por lo que a trav\u00e9s del Outsourcing brindamos a nuestros clientes los mecanismos para optimizar su recurso humano reduciendo as\u00ed sus costos.<\/p>\n<p>Nuestro servicio en el \u00e1rea principalmente incluye lo siguiente:<\/p>\n<ul>\n<li>Elaboraci\u00f3n y an\u00e1lisis de Estados Financieros<\/li>\n<li>Dise\u00f1o y desarrollo de pol\u00edticas contables<\/li>\n<li>Dise\u00f1o y evaluaci\u00f3n de controles internos operativos<\/li>\n<li>Capacitaci\u00f3n contable y financiera<\/li>\n<li>Preparaci\u00f3n de n\u00f3mina general y confidencia<\/li>\n<li>Toma f\u00edsica de inventarios y activos fijos<\/li>\n<\/ul>\n<p><a href=\"https:\/\/www.gstrategy-ec.com\/?page_id=12\">Regresar<\/a><\/p>\n","protected":false},"excerpt":{"rendered":"<p>Las empresas hoy en d\u00eda deben dedicarse a innovar y concentrar sus recursos en su negocio principal, por lo que a trav\u00e9s del Outsourcing brindamos a nuestros clientes los mecanismos para optimizar su recurso humano reduciendo as\u00ed sus costos. Nuestro servicio en el \u00e1rea principalmente incluye lo siguiente: Elaboraci\u00f3n y an\u00e1lisis de Estados Financieros Dise\u00f1o [&hellip;]<\/p>\n","protected":false},"author":381,"featured_media":0,"parent":12,"menu_order":0,"comment_status":"closed","ping_status":"closed","template":"","meta":{"footnotes":""},"class_list":["post-21","page","type-page","status-publish","hentry"],"_links":{"self":[{"href":"https:\/\/www.gstrategy-ec.com\/index.php?rest_route=\/wp\/v2\/pages\/21","targetHints":{"allow":["GET"]}}],"collection":[{"href":"https:\/\/www.gstrategy-ec.com\/index.php?rest_route=\/wp\/v2\/pages"}],"about":[{"href":"https:\/\/www.gstrategy-ec.com\/index.php?rest_route=\/wp\/v2\/types\/page"}],"author":[{"embeddable":true,"href":"https:\/\/www.gstrategy-ec.com\/index.php?rest_route=\/wp\/v2\/users\/381"}],"replies":[{"embeddable":true,"href":"https:\/\/www.gstrategy-ec.com\/index.php?rest_route=%2Fwp%2Fv2%2Fcomments&post=21"}],"version-history":[{"count":2,"href":"https:\/\/www.gstrategy-ec.com\/index.php?rest_route=\/wp\/v2\/pages\/21\/revisions"}],"predecessor-version":[{"id":794,"href":"https:\/\/www.gstrategy-ec.com\/index.php?rest_route=\/wp\/v2\/pages\/21\/revisions\/794"}],"up":[{"embeddable":true,"href":"https:\/\/www.gstrategy-ec.com\/index.php?rest_route=\/wp\/v2\/pages\/12"}],"wp:attachment":[{"href":"https:\/\/www.gstrategy-ec.com\/index.php?rest_route=%2Fwp%2Fv2%2Fmedia&parent=21"}],"curies":[{"name":"wp","href":"https:\/\/api.w.org\/{rel}","templated":true}]}}