{"id":123,"date":"2009-10-13T18:28:11","date_gmt":"2009-10-13T23:28:11","guid":{"rendered":"http:\/\/gstrategy-ec.com\/?page_id=123"},"modified":"2009-12-14T14:49:48","modified_gmt":"2009-12-14T19:49:48","slug":"modulos","status":"publish","type":"page","link":"https:\/\/www.gstrategy-ec.com\/?page_id=123","title":{"rendered":"M\u00f3dulos"},"content":{"rendered":"<p style=\"text-align:justify;\">Pir\u00e1mide 6.0, cuenta con los siguientes m\u00f3dulos que le brindar\u00e1n las soluciones ideales para el adecuado control y manejo de los procesos en su negocio:<\/p>\n<p style=\"text-align:justify;\"><a href=\"http:\/\/gstrategy.files.wordpress.com\/2009\/10\/modulospiramide1.jpg\"><img loading=\"lazy\" decoding=\"async\" class=\"aligncenter size-full wp-image-125\" title=\"ModulosPiramide\" src=\"http:\/\/gstrategy.files.wordpress.com\/2009\/10\/modulospiramide1.jpg\" alt=\"ModulosPiramide\" width=\"446\" height=\"452\" srcset=\"https:\/\/www.gstrategy-ec.com\/wp-content\/uploads\/2009\/10\/modulospiramide1.jpg 446w, https:\/\/www.gstrategy-ec.com\/wp-content\/uploads\/2009\/10\/modulospiramide1-296x300.jpg 296w\" sizes=\"auto, (max-width: 446px) 100vw, 446px\" \/><\/a><\/p>\n<p style=\"text-align:justify;\"><a href=\"https:\/\/www.gstrategy-ec.com\/?page_id=103\">Regresar<\/a><\/p>\n","protected":false},"excerpt":{"rendered":"<p>Pir\u00e1mide 6.0, cuenta con los siguientes m\u00f3dulos que le brindar\u00e1n las soluciones ideales para el adecuado control y manejo de los procesos en su negocio: Regresar<\/p>\n","protected":false},"author":381,"featured_media":0,"parent":103,"menu_order":2,"comment_status":"closed","ping_status":"closed","template":"","meta":{"footnotes":""},"class_list":["post-123","page","type-page","status-publish","hentry"],"_links":{"self":[{"href":"https:\/\/www.gstrategy-ec.com\/index.php?rest_route=\/wp\/v2\/pages\/123","targetHints":{"allow":["GET"]}}],"collection":[{"href":"https:\/\/www.gstrategy-ec.com\/index.php?rest_route=\/wp\/v2\/pages"}],"about":[{"href":"https:\/\/www.gstrategy-ec.com\/index.php?rest_route=\/wp\/v2\/types\/page"}],"author":[{"embeddable":true,"href":"https:\/\/www.gstrategy-ec.com\/index.php?rest_route=\/wp\/v2\/users\/381"}],"replies":[{"embeddable":true,"href":"https:\/\/www.gstrategy-ec.com\/index.php?rest_route=%2Fwp%2Fv2%2Fcomments&post=123"}],"version-history":[{"count":2,"href":"https:\/\/www.gstrategy-ec.com\/index.php?rest_route=\/wp\/v2\/pages\/123\/revisions"}],"predecessor-version":[{"id":238,"href":"https:\/\/www.gstrategy-ec.com\/index.php?rest_route=\/wp\/v2\/pages\/123\/revisions\/238"}],"up":[{"embeddable":true,"href":"https:\/\/www.gstrategy-ec.com\/index.php?rest_route=\/wp\/v2\/pages\/103"}],"wp:attachment":[{"href":"https:\/\/www.gstrategy-ec.com\/index.php?rest_route=%2Fwp%2Fv2%2Fmedia&parent=123"}],"curies":[{"name":"wp","href":"https:\/\/api.w.org\/{rel}","templated":true}]}}