{"id":12,"date":"2009-09-29T07:42:59","date_gmt":"2009-09-29T07:42:59","guid":{"rendered":"http:\/\/gstrategy.wordpress.com\/?page_id=12"},"modified":"2021-06-12T23:45:41","modified_gmt":"2021-06-13T04:45:41","slug":"servicios","status":"publish","type":"page","link":"https:\/\/www.gstrategy-ec.com\/?page_id=12","title":{"rendered":"Servicios"},"content":{"rendered":"<p style=\"text-align: justify;\">Los ejecutivos de hoy se enfrentan a una gran cantidad de cambios y tendencias, las cuales crean la necesidad de ser globales y crecer. Nosotros encontramos en estas necesidades la oportunidad de brindarles a nuestros clientes, a trav\u00e9s de nuestra experiencia y conocimientos t\u00e9cnicos, diversos medios de optimizar y reducir sus gastos de operaci\u00f3n mediante la implementaci\u00f3n y utilizaci\u00f3n de nuestras diferentes l\u00edneas de servicios que ponemos a su alcance.<\/p>\n<ul>\n<li><a href=\"https:\/\/www.gstrategy-ec.com\/?page_id=21\">Outsourcing contable y n\u00f3mina<\/a><\/li>\n<li><a href=\"https:\/\/www.gstrategy-ec.com\/?page_id=24\">Asesor\u00eda y consultor\u00eda<\/a><\/li>\n<li><a href=\"https:\/\/www.gstrategy-ec.com\/?page_id=39\">Asesor\u00eda y servicios tributarios<\/a><\/li>\n<li><a href=\"https:\/\/www.gstrategy-ec.com\/?page_id=41\">Auditor\u00eda, evaluaci\u00f3n de control interno y revisiones especiales<\/a><\/li>\n<\/ul>\n\n\n<p><\/p>\n","protected":false},"excerpt":{"rendered":"<p>Los ejecutivos de hoy se enfrentan a una gran cantidad de cambios y tendencias, las cuales crean la necesidad de ser globales y crecer. Nosotros encontramos en estas necesidades la oportunidad de brindarles a nuestros clientes, a trav\u00e9s de nuestra experiencia y conocimientos t\u00e9cnicos, diversos medios de optimizar y reducir sus gastos de operaci\u00f3n mediante [&hellip;]<\/p>\n","protected":false},"author":381,"featured_media":923,"parent":0,"menu_order":2,"comment_status":"closed","ping_status":"closed","template":"","meta":{"footnotes":""},"class_list":["post-12","page","type-page","status-publish","has-post-thumbnail","hentry"],"_links":{"self":[{"href":"https:\/\/www.gstrategy-ec.com\/index.php?rest_route=\/wp\/v2\/pages\/12","targetHints":{"allow":["GET"]}}],"collection":[{"href":"https:\/\/www.gstrategy-ec.com\/index.php?rest_route=\/wp\/v2\/pages"}],"about":[{"href":"https:\/\/www.gstrategy-ec.com\/index.php?rest_route=\/wp\/v2\/types\/page"}],"author":[{"embeddable":true,"href":"https:\/\/www.gstrategy-ec.com\/index.php?rest_route=\/wp\/v2\/users\/381"}],"replies":[{"embeddable":true,"href":"https:\/\/www.gstrategy-ec.com\/index.php?rest_route=%2Fwp%2Fv2%2Fcomments&post=12"}],"version-history":[{"count":3,"href":"https:\/\/www.gstrategy-ec.com\/index.php?rest_route=\/wp\/v2\/pages\/12\/revisions"}],"predecessor-version":[{"id":921,"href":"https:\/\/www.gstrategy-ec.com\/index.php?rest_route=\/wp\/v2\/pages\/12\/revisions\/921"}],"wp:featuredmedia":[{"embeddable":true,"href":"https:\/\/www.gstrategy-ec.com\/index.php?rest_route=\/wp\/v2\/media\/923"}],"wp:attachment":[{"href":"https:\/\/www.gstrategy-ec.com\/index.php?rest_route=%2Fwp%2Fv2%2Fmedia&parent=12"}],"curies":[{"name":"wp","href":"https:\/\/api.w.org\/{rel}","templated":true}]}}