{"id":103,"date":"2009-10-13T17:57:17","date_gmt":"2009-10-13T22:57:17","guid":{"rendered":"http:\/\/gstrategy-ec.com\/?page_id=103"},"modified":"2010-01-18T20:15:57","modified_gmt":"2010-01-19T01:15:57","slug":"productos-de-gestion","status":"publish","type":"page","link":"https:\/\/www.gstrategy-ec.com\/?page_id=103","title":{"rendered":"Productos de Gesti\u00f3n"},"content":{"rendered":"<p style=\"text-align:justify;\">Nuestro objetivo es el de ser un aporte para nuestros clientes en el engrandecimiento de sus negocios de forma \u00e1gil, oportuna\u00a0 y veraz, para lo cual ponemos a su alcance herramientas de administraci\u00f3n financiera y de An\u00e1lisis Gerencial que les permita optimizar sus recursos a trav\u00e9s de procesos simplificados y efectivos obteniendo informaci\u00f3n oportuna que le ayudar\u00e1 en la toma de decisiones.<\/p>\n<p style=\"text-align:justify;\"><em><strong><span style=\"color:#800000;\">Pir\u00e1mide 6.0<a href=\"http:\/\/gstrategy.files.wordpress.com\/2009\/10\/piramide2.jpg\"><img loading=\"lazy\" decoding=\"async\" class=\"alignright size-medium wp-image-104\" title=\"Piramide2\" src=\"http:\/\/gstrategy.files.wordpress.com\/2009\/10\/piramide2.jpg?w=300\" alt=\"Piramide2\" width=\"300\" height=\"225\" srcset=\"https:\/\/www.gstrategy-ec.com\/wp-content\/uploads\/2009\/10\/piramide2.jpg 1024w, https:\/\/www.gstrategy-ec.com\/wp-content\/uploads\/2009\/10\/piramide2-300x225.jpg 300w\" sizes=\"auto, (max-width: 300px) 100vw, 300px\" \/><\/a><\/span><\/strong><\/em><\/p>\n<p style=\"text-align:justify;\">Es una herramienta de automatizaci\u00f3n inform\u00e1tica que integra modernas t\u00e9cnicas de procesamiento de informaci\u00f3n con una elevada perspectiva funcional tanto a nivel operativo, t\u00e1ctico como gerencial.<\/p>\n<ul>\n<li><span style=\"color: #800000;\"><a href=\"https:\/\/www.gstrategy-ec.com\/?page_id=109\"><em><strong>Caracter\u00edsticas<\/strong><\/em><\/a><\/span><\/li>\n<li><em><strong><span style=\"color:#800000;\"><span style=\"color: #800000;\"><a href=\"https:\/\/www.gstrategy-ec.com\/?page_id=123\">M\u00f3dulos<\/a><\/span><\/span><\/strong><\/em><\/li>\n<\/ul>\n<p><a href=\"https:\/\/www.gstrategy-ec.com\/?page_id=312\">Regresar<\/a><\/p>\n","protected":false},"excerpt":{"rendered":"<p>Nuestro objetivo es el de ser un aporte para nuestros clientes en el engrandecimiento de sus negocios de forma \u00e1gil, oportuna\u00a0 y veraz, para lo cual ponemos a su alcance herramientas de administraci\u00f3n financiera y de An\u00e1lisis Gerencial que les permita optimizar sus recursos a trav\u00e9s de procesos simplificados y efectivos obteniendo informaci\u00f3n oportuna que [&hellip;]<\/p>\n","protected":false},"author":381,"featured_media":0,"parent":312,"menu_order":2,"comment_status":"closed","ping_status":"closed","template":"","meta":{"footnotes":""},"class_list":["post-103","page","type-page","status-publish","hentry"],"_links":{"self":[{"href":"https:\/\/www.gstrategy-ec.com\/index.php?rest_route=\/wp\/v2\/pages\/103","targetHints":{"allow":["GET"]}}],"collection":[{"href":"https:\/\/www.gstrategy-ec.com\/index.php?rest_route=\/wp\/v2\/pages"}],"about":[{"href":"https:\/\/www.gstrategy-ec.com\/index.php?rest_route=\/wp\/v2\/types\/page"}],"author":[{"embeddable":true,"href":"https:\/\/www.gstrategy-ec.com\/index.php?rest_route=\/wp\/v2\/users\/381"}],"replies":[{"embeddable":true,"href":"https:\/\/www.gstrategy-ec.com\/index.php?rest_route=%2Fwp%2Fv2%2Fcomments&post=103"}],"version-history":[{"count":4,"href":"https:\/\/www.gstrategy-ec.com\/index.php?rest_route=\/wp\/v2\/pages\/103\/revisions"}],"predecessor-version":[{"id":321,"href":"https:\/\/www.gstrategy-ec.com\/index.php?rest_route=\/wp\/v2\/pages\/103\/revisions\/321"}],"up":[{"embeddable":true,"href":"https:\/\/www.gstrategy-ec.com\/index.php?rest_route=\/wp\/v2\/pages\/312"}],"wp:attachment":[{"href":"https:\/\/www.gstrategy-ec.com\/index.php?rest_route=%2Fwp%2Fv2%2Fmedia&parent=103"}],"curies":[{"name":"wp","href":"https:\/\/api.w.org\/{rel}","templated":true}]}}